{"id":56,"date":"2018-09-14T17:30:57","date_gmt":"2018-09-14T15:30:57","guid":{"rendered":"http:\/\/www.aegis-laichingen.de\/?page_id=56"},"modified":"2021-11-26T10:24:13","modified_gmt":"2021-11-26T09:24:13","slug":"aegis-service","status":"publish","type":"page","link":"https:\/\/www.aegis-laichingen.de\/index.php\/aegis-service\/","title":{"rendered":"Aegis Service"},"content":{"rendered":"<h2>Nennen Sie uns Ihre W\u00fcnsche \u2013 und wir f\u00fchren sie aus:<\/h2>\n<ul class=\"disk\">\n<li><span style=\"color: #ff0000;\">Versand Ihrer Geschenkb\u00fccher in Geschenkverpackung direkt an Empf\u00e4nger (Versandkostenpauschale bis 3 B\u00fccher \u20ac 3 \/ ab 4 B\u00fccher \u20ac 6) <\/span><\/li>\n<li>Pers\u00f6nliche und individuelle Beratung<\/li>\n<li>Angebotserstellung \u2013 Literaturlisten zu allen Gebieten<\/li>\n<li><span style=\"color: #ff0000;\">Von 8.30 Uhr bis 18.00 Uhr sind wir telefonisch f\u00fcr Sie erreichbar. Keine Computerstimme. Keine Warteschleife. Keine kostenpflichtige Servicenummer<\/span>. Und wenn es einmal eng wird, rufen wir selbstverst\u00e4ndlich zur\u00fcck<\/li>\n<li>Wir besorgen Ihnen beinahe alle B\u00fccher, die bis 18.00 Uhr bestellt werden, bereits bis zum n\u00e4chsten Morgen. Ausnahme Samstag, Bestellannahme bis 12.00 f\u00fcr eine Besorgung bis zum kommenden Montag (Coronabedingte Verz\u00f6gerungen vorbehalten)<\/li>\n<li><span style=\"color: #ff0000;\">Lieferung (frei Haus in Laichingen) auf Rechnung. Zahlbar nach Erhalt.<br \/>\n<\/span><\/li>\n<li>Lieferung an eine von Ihnen angegebene Adresse<\/li>\n<li><span style=\"color: #ff0000;\">Geschenkverpackung (kostenlos)<\/span><\/li>\n<li>Geschenkgutscheine bzw. B\u00fccherschecks<\/li>\n<li>Fortsetzungslieferungen<\/li>\n<li>Monatskonto<\/li>\n<li>Datenschutz wird ernst genommen<\/li>\n<li><span style=\"color: #ff0000;\">Aegis-B\u00fcchergutscheine einl\u00f6sen: <span style=\"color: #000000;\">Bei Versand auf Rechnung, Gutschein mit Absender und Rechnungsnummer an uns senden oder in Briefkasten einwerfen. Bei h\u00f6herem Rechnungsbetrag, Differenz \u00fcberweisen.<br \/>\n<\/span><\/span><\/li>\n<\/ul>\n","protected":false},"excerpt":{"rendered":"<p>Nennen Sie uns Ihre W\u00fcnsche \u2013 und wir f\u00fchren sie aus: Versand Ihrer Geschenkb\u00fccher in Geschenkverpackung direkt an Empf\u00e4nger (Versandkostenpauschale bis 3 B\u00fccher \u20ac 3 \/ ab 4 B\u00fccher \u20ac 6) Pers\u00f6nliche und individuelle Beratung Angebotserstellung \u2013 Literaturlisten zu allen Gebieten Von 8.30 Uhr bis 18.00 Uhr sind wir telefonisch f\u00fcr Sie erreichbar. Keine Computerstimme. [&hellip;]<\/p>\n","protected":false},"author":1,"featured_media":0,"parent":0,"menu_order":0,"comment_status":"closed","ping_status":"closed","template":"","meta":{"inline_featured_image":false},"_links":{"self":[{"href":"https:\/\/www.aegis-laichingen.de\/index.php\/wp-json\/wp\/v2\/pages\/56"}],"collection":[{"href":"https:\/\/www.aegis-laichingen.de\/index.php\/wp-json\/wp\/v2\/pages"}],"about":[{"href":"https:\/\/www.aegis-laichingen.de\/index.php\/wp-json\/wp\/v2\/types\/page"}],"author":[{"embeddable":true,"href":"https:\/\/www.aegis-laichingen.de\/index.php\/wp-json\/wp\/v2\/users\/1"}],"replies":[{"embeddable":true,"href":"https:\/\/www.aegis-laichingen.de\/index.php\/wp-json\/wp\/v2\/comments?post=56"}],"version-history":[{"count":8,"href":"https:\/\/www.aegis-laichingen.de\/index.php\/wp-json\/wp\/v2\/pages\/56\/revisions"}],"predecessor-version":[{"id":218,"href":"https:\/\/www.aegis-laichingen.de\/index.php\/wp-json\/wp\/v2\/pages\/56\/revisions\/218"}],"wp:attachment":[{"href":"https:\/\/www.aegis-laichingen.de\/index.php\/wp-json\/wp\/v2\/media?parent=56"}],"curies":[{"name":"wp","href":"https:\/\/api.w.org\/{rel}","templated":true}]}}