{"id":53,"date":"2018-09-14T17:29:55","date_gmt":"2018-09-14T15:29:55","guid":{"rendered":"http:\/\/www.aegis-laichingen.de\/?page_id=53"},"modified":"2018-12-11T10:54:57","modified_gmt":"2018-12-11T09:54:57","slug":"aegis-partner","status":"publish","type":"page","link":"https:\/\/www.aegis-laichingen.de\/index.php\/aegis-partner\/","title":{"rendered":"Aegis Partner"},"content":{"rendered":"<p>Wir sind Depot-Buchhandlung der B\u00fcchergilde, bekannt f\u00fcr eine anspruchsvolle Buchgestaltung und Buchauswahl. Werden Sie Mitglied in einer exklusiven Gemeinschaft. Fragen Sie uns, wir informieren Sie gerne \u00fcber eine unverbindliche Schnupper-Mitgliedschaft und auch \u00fcber die angenehmen Vorteile, die Ihnen die <a href=\"https:\/\/www.buechergilde.de\/mitglieder.html\" target=\"_blank\" rel=\"noopener\">B\u00fcchergilde<\/a> bietet.<\/p>\n<p>Die <a href=\"http:\/\/www.vhs.laichingen.de\" target=\"_blank\" rel=\"noopener\">Volkshochschule Laichingen<\/a> ist die Bildungsadresse in Laichingen, mit der wir gerne zusammenarbeiten.<\/p>\n<p>Ein Besuch bei der <a href=\"https:\/\/stadtbuecherei-laichingen.de\/\">Stadtb\u00fccherei Laichingen<\/a> m\u00f6chten wir Ihnen empfehlen. Ebenso bei der <a href=\"https:\/\/www.heroldstatt.de\/index.php?id=78\">Gemeindeb\u00fccherei Heroldstatt<\/a> und der <a href=\"https:\/\/www.westerheim.de\/,Lde\/Startseite\/Gemeinde\/oeffentliche+Einrichtungen.html\">Gemeindeb\u00fccherei Westerheim<\/a>. Mit diesen B\u00fcchereien arbeiten wir eng zusammen. Dort holen Sie Ihre Anregungen und wir f\u00fchren dann Ihre W\u00fcnsche aus.<\/p>\n<p>&nbsp;<\/p>\n","protected":false},"excerpt":{"rendered":"<p>Wir sind Depot-Buchhandlung der B\u00fcchergilde, bekannt f\u00fcr eine anspruchsvolle Buchgestaltung und Buchauswahl. Werden Sie Mitglied in einer exklusiven Gemeinschaft. Fragen Sie uns, wir informieren Sie gerne \u00fcber eine unverbindliche Schnupper-Mitgliedschaft und auch \u00fcber die angenehmen Vorteile, die Ihnen die B\u00fcchergilde bietet. Die Volkshochschule Laichingen ist die Bildungsadresse in Laichingen, mit der wir gerne zusammenarbeiten. Ein [&hellip;]<\/p>\n","protected":false},"author":1,"featured_media":0,"parent":0,"menu_order":0,"comment_status":"closed","ping_status":"closed","template":"","meta":{"inline_featured_image":false},"_links":{"self":[{"href":"https:\/\/www.aegis-laichingen.de\/index.php\/wp-json\/wp\/v2\/pages\/53"}],"collection":[{"href":"https:\/\/www.aegis-laichingen.de\/index.php\/wp-json\/wp\/v2\/pages"}],"about":[{"href":"https:\/\/www.aegis-laichingen.de\/index.php\/wp-json\/wp\/v2\/types\/page"}],"author":[{"embeddable":true,"href":"https:\/\/www.aegis-laichingen.de\/index.php\/wp-json\/wp\/v2\/users\/1"}],"replies":[{"embeddable":true,"href":"https:\/\/www.aegis-laichingen.de\/index.php\/wp-json\/wp\/v2\/comments?post=53"}],"version-history":[{"count":4,"href":"https:\/\/www.aegis-laichingen.de\/index.php\/wp-json\/wp\/v2\/pages\/53\/revisions"}],"predecessor-version":[{"id":111,"href":"https:\/\/www.aegis-laichingen.de\/index.php\/wp-json\/wp\/v2\/pages\/53\/revisions\/111"}],"wp:attachment":[{"href":"https:\/\/www.aegis-laichingen.de\/index.php\/wp-json\/wp\/v2\/media?parent=53"}],"curies":[{"name":"wp","href":"https:\/\/api.w.org\/{rel}","templated":true}]}}