{"id":32,"date":"2018-09-14T17:13:05","date_gmt":"2018-09-14T15:13:05","guid":{"rendered":"http:\/\/www.aegis-laichingen.de\/?page_id=32"},"modified":"2025-07-26T10:13:49","modified_gmt":"2025-07-26T08:13:49","slug":"agb-und-widerrufsrecht","status":"publish","type":"page","link":"https:\/\/www.aegis-laichingen.de\/index.php\/agb-und-widerrufsrecht\/","title":{"rendered":"AGB und Widerrufsrecht Datenschutz und DSGVO Datenschutzgrundverordnung"},"content":{"rendered":"<h2>Widerrufsbelehrung<\/h2>\n<p>Als Verbraucher haben Sie folgendes Widerrufsrecht:<\/p>\n<p>Sie haben das Recht, binnen vierzehn Tagen ohne Angabe von Gr\u00fcnden diesen Vertrag zu widerrufen.<\/p>\n<p>Die Widerrufsfrist betr\u00e4gt vierzehn Tage ab dem Tag, an dem Sie oder ein von Ihnen benannter Dritter, der nicht der Bef\u00f6rderer ist, die letzte Ware in Besitz genommen haben bzw. hat.<\/p>\n<p>Um Ihr Widerrufsrecht auszu\u00fcben, m\u00fcssen Sie uns, und wir sind die Aegis Buchhandlung Hirschstrasse 5 89150 Laichingen Fax 07333 7554 Tel. 07333 5764 aegis-laichingen@gmx.de, der Verantwortliche und Inhaber dieser Firma ist Herr Ernst Joachim Bauer, mittels einer eindeutigen Erkl\u00e4rung (z. B. ein mit der Post versandter Brief, Telefax, E-Mail oder auch telefonisch) \u00fcber Ihren Entschluss, diesen Vertrag zu widerrufen, informieren. Sie k\u00f6nnen daf\u00fcr das beigef\u00fcgte Muster-Widerrufsformular verwenden, das jedoch nicht vorgeschrieben ist. <a href=\"http:\/\/www.antiquariat.de\/?i=WDRF237\" target=\"_blank\" rel=\"noopener noreferrer\"> Muster-Widerrufsformular<\/a>.<\/p>\n<p>Machen Sie von dieser M\u00f6glichkeit Gebrauch, so werden wir Ihnen unverz\u00fcglich (z. B. per E-Mail) eine Best\u00e4tigung \u00fcber den Eingang eines solchen Widerrufs \u00fcbermitteln.<\/p>\n<p>Zur Wahrung der Widerrufsfrist reicht es aus, dass Sie die Mitteilung \u00fcber die Aus\u00fcbung des Widerrufsrechts vor Ablauf der Widerrufsfrist absenden.<\/p>\n<p>Folgen des Widerrufs<\/p>\n<p>Wenn Sie diesen Vertrag widerrufen, haben wir Ihnen alle Zahlungen, die wir von Ihnen erhalten haben, einschlie\u00dflich der Lieferkosten (mit Ausnahme der zus\u00e4tzlichen Kosten, die<br \/>\nsich daraus ergeben, dass Sie eine andere Art der Lieferung als die von uns angebotene, g\u00fcnstigste Standardlieferung gew\u00e4hlt haben), unverz\u00fcglich und sp\u00e4testens binnen vierzehn<br \/>\nTagen ab dem Tag zur\u00fcckzuzahlen, an dem die Mitteilung \u00fcber Ihren Widerruf dieses Vertrags bei uns eingegangen ist. F\u00fcr diese R\u00fcckzahlung verwenden wir dasselbe Zahlungsmittel, das Sie bei der urspr\u00fcnglichen Transaktion eingesetzt haben, es sei denn, mit Ihnen wurde ausdr\u00fccklich etwas anderes vereinbart; in keinem Fall werden Ihnen wegen dieser R\u00fcckzahlung Entgelte berechnet. Wir k\u00f6nnen die R\u00fcckzahlung verweigern, bis wir die Waren wieder zur\u00fcckerhalten haben oder bis Sie den Nachweis erbracht haben, dass Sie die Waren zur\u00fcckgesandt haben, je nachdem, welches der fr\u00fchere Zeitpunkt ist.<\/p>\n<p>Sie haben die Waren unverz\u00fcglich und in jedem Fall sp\u00e4testens binnen vierzehn Tagen ab dem Tag, an dem Sie uns \u00fcber den Widerruf dieses Vertrags unterrichten, an (die genaue Anschrift s. o.) zur\u00fcckzusenden oder zu \u00fcbergeben. Die Frist ist gewahrt, wenn Sie die Waren vor Ablauf der Frist von vierzehn Tagen absenden. Sie tragen die unmittelbaren Kosten der R\u00fccksendung der Waren.<\/p>\n<p>Sie m\u00fcssen f\u00fcr einen etwaigen Wertverlust der Waren nur aufkommen, wenn dieser Wertverlust auf einen zur Pr\u00fcfung der Beschaffenheit, Eigenschaften und Funktionsweise der Waren nicht notwendigen Umgang mit ihnen zur\u00fcckzuf\u00fchren ist.<\/p>\n<p>Ende der Widerrufsbelehrung<\/p>\n<h2><b>Allgemeine Gesch\u00e4ftsbedingungen der Aegis Buchhandlung<br \/>\n(Inhaber Ernst Joachim Bauer, Buchh\u00e4ndler)<br \/>\nHirschstrasse 5 89150 Laichingen Tel. 07333 5764 Fax 7554<br \/>\nEmail: aegis-laichingen@gmx.de<\/b><\/h2>\n<p><a href=\"mailto:aegis@t-online.de\"> Email: aegis-laichingen@gmx.de<\/a><\/p>\n<h2>\u00a7 1 Allgemeines<\/h2>\n<p>&nbsp;<\/p>\n<p>&nbsp;<\/p>\n<h2>\u00a7 2 Angebot und Vertragsschluss<\/h2>\n<p>1. Die Online-Darstellung unseres Antiquariats-Sortiments und anderer Online-B\u00fccherangebote stellen kein bindendes Vertragsangebot dar. Indem der Kunde eine kostenpflichtige Bestellung an uns schickt, gibt er ein verbindliches Angebot ab. Wir behalten uns die freie Entscheidung \u00fcber die Annahme dieses Angebots vor.<\/p>\n<p>Bestellungen gelten als angenommen, wenn die Lieferung und Berechnung an den Kunden erfolgt oder wenn der Auftrag dem Kunden in Textform best\u00e4tigt wird. Soweit ein Angebot eines Kunden nicht angenommen wird, wird ihm dies unmittelbar mitgeteilt.<\/p>\n<p>2. Bestellt der Kunde die Ware auf elektronischem Wege, wird der Zugang der Bestellung umgehend per E-Mail an die vom Kunden angegebene E-Mail-Adresse best\u00e4tigt. Die Zugangsbest\u00e4tigung stellt noch keine verbindliche Annahme der Bestellung dar. Die Zugangsbest\u00e4tigung kann jedoch mit einer Annahmeerkl\u00e4rung verbunden werden.<\/p>\n<h2>\u00a7 3 Widerrufsbelehrung<\/h2>\n<p>&nbsp;<\/p>\n<p>Als Verbraucher haben Sie folgendes Widerrufsrecht:<\/p>\n<p>Sie haben das Recht, binnen vierzehn Tagen ohne Angabe von Gr\u00fcnden diesen Vertrag zu widerrufen.<\/p>\n<p>Die Widerrufsfrist betr\u00e4gt vierzehn Tage ab dem Tag, an dem Sie oder ein von Ihnen benannter Dritter, der nicht der Bef\u00f6rderer ist, die letzte Ware in Besitz genommen haben bzw. hat.<\/p>\n<p>Um Ihr Widerrufsrecht auszu\u00fcben, m\u00fcssen Sie uns, und wir sind die Aegis Buchhandlung und Antiquariat Radstrasse 3 89150 Laichingen Fax 07333 7554 Tel. 07333 5764 aegis-laichingen@gmx.de, der Verantwortliche und Inhaber dieser Firma ist Herr Ernst Joachim Bauer, mittels einer eindeutigen Erkl\u00e4rung (z. B. ein mit der Post versandter Brief, Telefax, E-Mail oder auch telefonisch) \u00fcber Ihren Entschluss, diesen Vertrag zu widerrufen, informieren. Sie k\u00f6nnen daf\u00fcr das beigef\u00fcgte Muster-Widerrufsformular verwenden, das jedoch nicht vorgeschrieben ist.<\/p>\n<p>Machen Sie von dieser M\u00f6glichkeit Gebrauch, so werden wir Ihnen unverz\u00fcglich (z. B. per E-Mail) eine Best\u00e4tigung \u00fcber den Eingang eines solchen Widerrufs \u00fcbermitteln.<\/p>\n<p>Zur Wahrung der Widerrufsfrist reicht es aus, dass Sie die Mitteilung \u00fcber die Aus\u00fcbung des Widerrufsrechts vor Ablauf der Widerrufsfrist absenden.<\/p>\n<p>Folgen des Widerrufs<\/p>\n<p>Wenn Sie diesen Vertrag widerrufen, haben wir Ihnen alle Zahlungen, die wir von Ihnen erhalten haben, einschlie\u00dflich der Lieferkosten (mit Ausnahme der zus\u00e4tzlichen Kosten, die sich daraus ergeben, dass Sie eine andere Art der Lieferung als die von uns angebotene, g\u00fcnstigste Standardlieferung gew\u00e4hlt haben), unverz\u00fcglich und sp\u00e4testens binnen vierzehn Tagen ab dem Tag zur\u00fcckzuzahlen, an dem die Mitteilung \u00fcber Ihren Widerruf dieses Vertrags bei uns eingegangen ist. F\u00fcr diese R\u00fcckzahlung verwenden wir dasselbe Zahlungsmittel, das Sie bei der urspr\u00fcnglichen Transaktion eingesetzt haben, es sei denn, mit Ihnen wurde ausdr\u00fccklich etwas anderes vereinbart; in keinem Fall werden Ihnen wegen dieser R\u00fcckzahlung Entgelte berechnet. Wir k\u00f6nnen die R\u00fcckzahlung verweigern, bis wir die Waren wieder zur\u00fcckerhalten haben oder bis Sie den Nachweis erbracht haben, dass Sie die Waren zur\u00fcckgesandt haben, je nachdem, welches der fr\u00fchere Zeitpunkt ist.<\/p>\n<p>Sie haben die Waren unverz\u00fcglich und in jedem Fall sp\u00e4testens binnen vierzehn Tagen ab dem Tag, an dem Sie uns \u00fcber den Widerruf dieses Vertrags unterrichten, an (die genaue Anschrift s. o.) zur\u00fcckzusenden oder zu \u00fcbergeben. Die Frist ist gewahrt, wenn Sie die Waren vor Ablauf der Frist von vierzehn Tagen absenden. Sie tragen die unmittelbaren Kosten der R\u00fccksendung der Waren.<\/p>\n<p>Sie m\u00fcssen f\u00fcr einen etwaigen Wertverlust der Waren nur aufkommen, wenn dieser Wertverlust auf einen zur Pr\u00fcfung der Beschaffenheit, Eigenschaften und Funktionsweise der Waren nicht notwendigen Umgang mit ihnen zur\u00fcckzuf\u00fchren ist.<\/p>\n<p>Ende der Widerrufsbelehrung<\/p>\n<h2>\u00a7 4 Zahlungsbedingungen<\/h2>\n<p>1. Die Versendung der Ware erfolgt gegen Rechnung, Vorausrechnung behalten wir uns vor. Des Weiteren besteht die M\u00f6glichkeit der Zahlung per Einzugserm\u00e4chtigung, per Nachnahme oder per Kreditkarte (VISA, MasterCard).<\/p>\n<p>2. Der Kunde verpflichtet sich, nach Erhalt der Ware, sofern keine Vorauszahlung erfolgte, innerhalb von 14 Tagen den Kaufpreis der Waren und der eventuell berechneten Versandkosten zu zahlen.<\/p>\n<p>3. Der Kunde hat ein Recht zur Aufrechnung nur, wenn seine Gegenanspr\u00fcche rechtskr\u00e4ftig festgestellt wurden oder durch uns anerkannt wurden. Die Aus\u00fcbung eines Zur\u00fcckbehaltungsrechts besteht nur, wenn der Gegenanspruch auf demselben Vertragsverh\u00e4ltnis beruht.<\/p>\n<h2>\u00a7 5 Preise, R\u00fccksendekosten und Lieferkosten<\/h2>\n<p>&nbsp;<\/p>\n<p>Die im Rahmen der Artikelbeschreibung angegebenen Preise verstehen sich in Euro einschlie\u00dflich der jeweils g\u00fcltigen gesetzlichen Mehrwertsteuer. Hinzu kommen die jeweils zus\u00e4tzlich in der Artikel\u00fcbersicht und im Rahmen des Bestellvorgangs angegebenen Kosten f\u00fcr Versand.<\/p>\n<p>Die Kosten der R\u00fccksendung tr\u00e4gt der Kunde, sofern keine fehlerhafte Lieferung bzw. fehlerhaftes Produkt vorliegt.<\/p>\n<p>Der Versand gegen Nachnahme erfolgt nur auf ausdr\u00fccklichen Wunsch des Kunden, die zus\u00e4tzlichen Geb\u00fchren hierf\u00fcr sind von diesem zu tragen.<\/p>\n<h2>\u00a7 6 Gew\u00e4hrleistung\/Haftung<\/h2>\n<p>&nbsp;<\/p>\n<p>Dem Kunden steht ein gesetzliches M\u00e4ngelhaftungsrecht zu.<\/p>\n<p>Bei gebrauchten Sachen betr\u00e4gt die Gew\u00e4hrleistungsfrist abweichend von der gesetzlichen Regelung ein Jahr ab Ablieferung der Ware.<\/p>\n<p>Diese einj\u00e4hrige Gew\u00e4hrleistungsfrist gilt nicht f\u00fcr dem Verk\u00e4ufer zurechenbare schuldhaft verursachte Sch\u00e4den aus der Verletzung des Lebens, des K\u00f6rpers oder der Gesundheit und grob fahrl\u00e4ssig oder vors\u00e4tzlich verursachte Sch\u00e4den bzw. Arglist des Verk\u00e4ufers, sowie bei R\u00fcckgriffsanspr\u00fcchen gem\u00e4\u00df \u00a7\u00a7 478, 479 BGB.<\/p>\n<p>&#8211; Haftungsbeschr\u00e4nkung &#8211;<\/p>\n<p>Die Haftung des Verk\u00e4ufers f\u00fcr leicht fahrl\u00e4ssige Pflichtverletzungen ist ausgeschlossen, sofern keine wesentliche Vertragspflichten (Pflichten, deren Erf\u00fcllung die ordnungsgem\u00e4\u00dfe Durchf\u00fchrung des Vertrages erst erm\u00f6glicht, deren Verletzung die Erreichung des Vertragszwecks gef\u00e4hrdet und auf deren Einhaltung Sie als Kunde regelm\u00e4\u00dfig vertrauen), Sch\u00e4den aus der Verletzung des Lebens, des K\u00f6rpers oder der Gesundheit, Garantien f\u00fcr die Beschaffenheit des Kaufgegenstandes oder auch Anspr\u00fcche nach dem Produkthaftungsgesetz betroffen sind. Das gilt auch f\u00fcr entsprechende Pflichtverletzungen der Erf\u00fcllungsgehilfen des Verk\u00e4ufers.<\/p>\n<p>Dabei ist die Haftung auf den Schaden begrenzt, mit dem vertragstypisch gerechnet werden muss.<\/p>\n<p>F\u00fcr Vorsatz und grobe Fahrl\u00e4ssigkeit gilt die Haftungsbeschr\u00e4nkung nicht.<\/p>\n<p>Im Internet-Antiquariat, ebenso wie in jedem Antiquariat, werden B\u00fccher, Zeitschriften, etc. verkauft, die auf Grund ihres Alters Gebrauchsspuren aufweisen, welche im jeweiligen Verkaufspreis bereits angemessen mindernd ber\u00fccksichtigt sind. Die Waren werden insofern ausschlie\u00dflich in den in unserem jeweils aktuellen Online-Katalog angegebenen Ausf\u00fchrungen geliefert. Evtl. M\u00e4ngel werden von uns nach bestem Wissen in allen Katalogen beschrieben.<\/p>\n<p>Als Verbraucher werden Sie gebeten, die Ware bei Lieferung umgehend auf Vollst\u00e4ndigkeit, offensichtliche M\u00e4ngel und Transportsch\u00e4den zu \u00fcberpr\u00fcfen und Beanstandungen dem Verk\u00e4ufer und dem Spediteur schnellstm\u00f6glich mitzuteilen. Ihre Gew\u00e4hrleistungsanspr\u00fcche bleiben hiervon unber\u00fchrt.<\/p>\n<p>Soweit Sie Verbraucher sind, geht die Gefahr des zuf\u00e4lligen Untergangs und der zuf\u00e4lligen Verschlechterung der verkauften Sache w\u00e4hrend der Versendung erst mit der \u00dcbergabe der Ware an Sie \u00fcber, unabh\u00e4ngig davon, ob die Versendung versichert oder unversichert erfolgt.<\/p>\n<h2>\u00a7 7 Besondere Inhalte<\/h2>\n<p>&nbsp;<\/p>\n<p>Gegenst\u00e4nde aus der Zeit von 1933 bis 1945, mit darin enthaltenen zeitgeschichtlichen oder milit\u00e4r-historischen Darstellungen und Inhalten, werden nur zu Zwecken staatsb\u00fcrgerlicher Aufkl\u00e4rung, der Abwehr verfassungswidriger und verfassungsfeindlicher Bestrebungen, der wissenschaftlichen und kulturhistorischen Forschung usw. (\u00a7 86 StGB) verkauft.<\/p>\n<h2>\u00a7 8 Eigentumsvorbehalt<\/h2>\n<p>&nbsp;<\/p>\n<p>Die Ware bleibt bis zur vollst\u00e4ndigen Bezahlung Eigentum der Aegis-Buchhandlung Inhaber Ernst Joachim Bauer, Radstrasse 3 89150 Laichingen<\/p>\n<h2>\u00a7 9 Datenschutz und DSGVO Datenschutzgrundverordnung<\/h2>\n<p>&nbsp;<\/p>\n<p>Die Aegis Buchhandlung und Antiquariat Radstrasse 3 89150 Laichingen, Inhaber Ernst Joachim Bauer, Buchh\u00e4ndler und Antiquar, ist sich bewusst, wie wichtig die diskrete Behandlung und der Schutz der Informationen sind, die die Kunden \u00fcber das Internet vermitteln. Die Datensicherheit unseres Internet-Auftritts ist eine unserer h\u00f6chsten Priorit\u00e4ten. Dar\u00fcber hinaus nehmen wir die Vertraulichkeit der von Ihnen \u00fcbermittelten Informationen und privaten Daten sehr ernst.<\/p>\n<p>Es werden stets nur die Daten erhoben und gespeichert, die zur Nutzung eines Services unbedingt notwendig sind.<\/p>\n<p>Die von Ihnen an uns \u00fcbermittelten pers\u00f6nlichen Daten werden nur zur zweckbezogenen Durchf\u00fchrung des Kaufvertrages und der Kundenverwaltung genutzt. Es erfolgt keine Weitergabe personenbezogener Daten an Dritte. Wir erheben personenbezogene Daten nur im gesetzlich zul\u00e4ssigen Rahmen, insbesondere nach den geltenden Bestimmungen des Bundesdatenschutzgesetzes und des Telemediengesetzes.<\/p>\n<p>DSGVO (Datenschutzgrundverordnung)<\/p>\n<p>Geltungsbereich<\/p>\n<p>Diese Datenschutzerkl\u00e4rung soll die Nutzer dieser Website gem\u00e4\u00df Bundesdatenschutzgesetz und Telemediengesetz \u00fcber die Art, den Umfang und den Zweck der Erhebung und Verwendung personenbezogener Daten durch den Websitebetreiber Aegis Buchhandlung Radstrasse 3 89150 Laichingen (www.aegis-laichingen.de) informieren.<\/p>\n<p>Der Websitebetreiber nimmt Ihren Datenschutz sehr ernst und behandelt Ihre personenbezogenen Daten vertraulich und entsprechend der gesetzlichen Vorschriften. Bedenken Sie, dass die Daten\u00fcbertragung im Internet grunds\u00e4tzlich mit Sicherheitsl\u00fccken bedacht sein kann. Ein vollumf\u00e4nglicher Schutz vor dem Zugriff durch Fremde ist nicht realisierbar.<\/p>\n<p>Zugriffsdaten<\/p>\n<p>Der Websitebetreiber bzw. Seitenprovider erhebt Daten \u00fcber Zugriffe auf die Seite und speichert diese als \u201eServer-Logfiles\u201c ab.<\/p>\n<p>Folgende Daten werden so protokolliert:<\/p>\n<p>&#8211; Besuchte Website<\/p>\n<p>&#8211; Uhrzeit zum Zeitpunkt des Zugriffes<\/p>\n<p>&#8211; Menge der gesendeten Daten in Byte<\/p>\n<p>&#8211; Quelle\/Verweis, von welchem Sie auf die Seite gelangten<\/p>\n<p>&#8211; Verwendeter Browser<\/p>\n<p>&#8211; Verwendetes Betriebssystem<\/p>\n<p>&#8211; Verwendete IP-Adresse<\/p>\n<p>Die erhobenen Daten dienen lediglich statistischen Auswertungen und zur Verbesserung der Website. Der Websitebetreiber beh\u00e4lt sich allerdings vor, die Server-Logfiles nachtr\u00e4glich zu \u00fcberpr\u00fcfen, sollten konkrete Anhaltspunkte auf eine rechtswidrige Nutzung hinweisen.<\/p>\n<p>Umgang mit personenbezogenen Daten<\/p>\n<p>Der Websitebetreiber erhebt, nutzt und gibt Ihre personenbezogenen Daten nur dann weiter, wenn dies im gesetzlichen Rahmen erlaubt ist oder Sie in die Datenerhebung einwilligen. Als personenbezogene Daten gelten s\u00e4mtliche Informationen, welche dazu dienen, Ihre Person zu bestimmen und welche zu Ihnen zur\u00fcckverfolgt werden k\u00f6nnen \u2013 also beispielsweise Ihr Name und Adresse, Ihre E-Mail-Adresse und Telefonnummer. Aufbewahrt werden diese Daten nur im Rahmen der gesetzlich geforderten Aufbewahrungspflicht.<\/p>\n<p>Umgang mit Kontaktdaten<\/p>\n<p>Nehmen Sie mit dem Websitebetreiber durch die angebotenen Kontaktm\u00f6glichkeiten Verbindung auf, werden Ihre Angaben gespeichert, damit auf diese zur Bearbeitung und Beantwortung Ihrer Anfrage zur\u00fcckgegriffen werden kann. Ohne Ihre Einwilligung werden diese Daten nicht an Dritte weitergegeben.<\/p>\n<p>Cookies<\/p>\n<p>Cookies sind kleine Dateien, die es erm\u00f6glichen, auf dem Zugriffsger\u00e4t der Nutzer (PC, Smartphone o.\u00e4.) spezifische, auf das Ger\u00e4t bezogene Informationen zu speichern. Sie dienen zum einem der Benutzerfreundlichkeit von Webseiten und damit den Nutzern (z.B. Speicherung von Logindaten). Zum anderen dienen sie, um die statistische Daten der Webseitennutzung zu erfassen und sie zwecks Verbesserung des Angebotes analysieren zu k\u00f6nnen. Die Nutzer k\u00f6nnen auf den Einsatz der Cookies Einfluss nehmen. Die meisten Browser verf\u00fcgen eine Option mit der das Speichern von Cookies eingeschr\u00e4nkt oder komplett verhindert wird. Allerdings wird darauf hingewiesen, dass die Nutzung und insbesondere der Nutzungskomfort ohne Cookies eingeschr\u00e4nkt werden.<\/p>\n<p>Hinweis zur verantwortlichen Stelle<\/p>\n<p>Die verantwortliche Stelle f\u00fcr die Datenverarbeitung im Sinne der DSGVO auf dieser Website ist:<\/p>\n<p>Ernst Joachim Bauer<br \/>\nAegis Buchhandlung<\/p>\n<p>Radstrasse 3<\/p>\n<p>89150 Laichingen<\/p>\n<p>Tel. 07333 5764<\/p>\n<h2>\u00a7 10 Schlussbestimmungen<\/h2>\n<p>&nbsp;<\/p>\n<p>1. Es gilt das Recht der Bundesrepublik Deutschland. Die Bestimmungen des UN-Kaufrechts finden keine Anwendung. Ma\u00dfgebliche Sprache f\u00fcr den Vertragsschluss sowie das gesamte<br \/>\nVertragsverh\u00e4ltnis ist Deutsch.<\/p>\n<p>2. Ist der Kunde Kaufmann oder juristische Person \u00f6ffentlichen Rechts, ist ausschlie\u00dflicher Gerichtsstand f\u00fcr alle Streitigkeiten aus diesem Vertrag Ulm\/Donau. Dasselbe gilt, wenn der Kunde keinen allgemeinen Gerichtsstand in Deutschland hat oder Wohnsitz oder gew\u00f6hnlicher Aufenthalt im Zeitpunkt der Klageerhebung nicht bekannt sind.<\/p>\n<p>3. Wir sind zur Teilnahme an einem Streitbeilegungsverfahren vor einer Verbraucherschlichtungsstelle nicht verpflichtet und nicht bereit.<\/p>\n<p>4. Sollten einzelne Bestimmungen des Vertrages mit dem Kunden einschlie\u00dflich dieser Allgemeinen Gesch\u00e4ftsbedingungen ganz oder teilweise unwirksam sein oder werden, so wird hierdurch die G\u00fcltigkeit der \u00fcbrigen Bestimmungen nicht ber\u00fchrt.<\/p>\n<p>\u00a9 GIAQ eG<\/p>\n","protected":false},"excerpt":{"rendered":"<p>Widerrufsbelehrung Als Verbraucher haben Sie folgendes Widerrufsrecht: Sie haben das Recht, binnen vierzehn Tagen ohne Angabe von Gr\u00fcnden diesen Vertrag zu widerrufen. Die Widerrufsfrist betr\u00e4gt vierzehn Tage ab dem Tag, an dem Sie oder ein von Ihnen benannter Dritter, der nicht der Bef\u00f6rderer ist, die letzte Ware in Besitz genommen haben bzw. hat. Um Ihr [&hellip;]<\/p>\n","protected":false},"author":1,"featured_media":0,"parent":0,"menu_order":0,"comment_status":"closed","ping_status":"closed","template":"","meta":{"inline_featured_image":false},"_links":{"self":[{"href":"https:\/\/www.aegis-laichingen.de\/index.php\/wp-json\/wp\/v2\/pages\/32"}],"collection":[{"href":"https:\/\/www.aegis-laichingen.de\/index.php\/wp-json\/wp\/v2\/pages"}],"about":[{"href":"https:\/\/www.aegis-laichingen.de\/index.php\/wp-json\/wp\/v2\/types\/page"}],"author":[{"embeddable":true,"href":"https:\/\/www.aegis-laichingen.de\/index.php\/wp-json\/wp\/v2\/users\/1"}],"replies":[{"embeddable":true,"href":"https:\/\/www.aegis-laichingen.de\/index.php\/wp-json\/wp\/v2\/comments?post=32"}],"version-history":[{"count":7,"href":"https:\/\/www.aegis-laichingen.de\/index.php\/wp-json\/wp\/v2\/pages\/32\/revisions"}],"predecessor-version":[{"id":246,"href":"https:\/\/www.aegis-laichingen.de\/index.php\/wp-json\/wp\/v2\/pages\/32\/revisions\/246"}],"wp:attachment":[{"href":"https:\/\/www.aegis-laichingen.de\/index.php\/wp-json\/wp\/v2\/media?parent=32"}],"curies":[{"name":"wp","href":"https:\/\/api.w.org\/{rel}","templated":true}]}}