{"id":2,"date":"2018-09-14T08:45:22","date_gmt":"2018-09-14T06:45:22","guid":{"rendered":"http:\/\/www.aegis-laichingen.de\/?page_id=2"},"modified":"2026-03-06T11:00:31","modified_gmt":"2026-03-06T10:00:31","slug":"willkommen-bei-aegis","status":"publish","type":"page","link":"https:\/\/www.aegis-laichingen.de\/","title":{"rendered":"Willkommen bei AEGIS"},"content":{"rendered":"<p><strong>400.000 B\u00fccher, rd. 300.000 H\u00f6rb\u00fccher, DVD, Software, Spiele und vieles andere mehr <\/strong><\/p>\n<p><strong>finden Sie im neuen<\/strong><\/p>\n<h2><span style=\"color: #ff0000;\"><strong><a style=\"color: #ff0000;\" href=\"https:\/\/566000.umbreitshopsolution.de\/\">AEGIS Online Shop.<\/a><\/strong><\/span><\/h2>\n<p>Bitte klicken Sie hier!<\/p>\n<p>&nbsp;<\/p>\n<p><strong>Nach telefonischer Voranmeldung k\u00f6nnen Sie mich gerne besuchen. Bestellungen \u00fcber den <\/strong><strong>\u00a0<a href=\"https:\/\/566000.umbreitshopsolution.de\/\">online-shop aufgeben.<\/a><\/strong><\/p>\n<h2><span style=\"color: #00ccff;\"><em><strong>Auf Wunsch k\u00f6nnen Sie Ihre bestellten B\u00fccher in der Stadtb\u00fccherei Laichingen abholen. <\/strong><\/em><\/span><\/h2>\n<h2><span style=\"color: #00ccff;\"><em><strong>Bitte geben Sie dies bei der Bestellung an. \u00d6ffnungszeiten der Stadtb\u00fccherei s. u.<\/strong><\/em><\/span><\/h2>\n<p><strong><span style=\"color: #ff00ff;\">Wir liefern in Laichingen und den Teilorten frei Haus &#8211; schnell und unb\u00fcrokratisch!<\/span><\/strong><\/p>\n<p>\u00d6ffnungszeiten der Stadtb\u00fccherei Laichingen<\/p>\n<table>\n<tbody>\n<tr>\n<td>Di<\/td>\n<td>11.00 &#8211; 18.00 Uhr<\/td>\n<\/tr>\n<tr>\n<td>Mi<\/td>\n<td>14.00 &#8211; 18.00 Uhr<\/td>\n<\/tr>\n<tr>\n<td>Do<\/td>\n<td>11.00 &#8211; 18.00 Uhr<\/td>\n<\/tr>\n<tr>\n<td>Fr<\/td>\n<td>14.00 &#8211; 18.00 Uhr<\/td>\n<\/tr>\n<tr>\n<td>Sa<\/td>\n<td>10.00 &#8211; 12.00 Uhr<\/td>\n<\/tr>\n<\/tbody>\n<\/table>\n<p><a href=\"https:\/\/www.aegis-laichingen.de\/index.php\/aegis-service\/\"><strong>Gutscheine einl\u00f6sen<\/strong><\/a><\/p>\n<p>&nbsp;<\/p>\n<p>&nbsp;<\/p>\n<p>Zur Datenschutzgrundverordnung: <a href=\"https:\/\/www.aegis-laichingen.de\/index.php\/agb-und-widerrufsrecht\/\">AGB und Widerrufsrecht<\/a><\/p>\n<p>Online Dispute Resolution<a href=\"http:\/\/ec.europa.eu\/consumers\/odr\/\"> hier<\/a><\/p>\n<p><span style=\"font-size: small;\">Besuchen Sie auch die <a href=\"http:\/\/www.goethe-gesellschaft-ulm.jimdo.com\">Goethe Gesellschaft Ulm Neu-Ulm<\/a><\/span><\/p>\n<p>&nbsp;<\/p>\n","protected":false},"excerpt":{"rendered":"<p>400.000 B\u00fccher, rd. 300.000 H\u00f6rb\u00fccher, DVD, Software, Spiele und vieles andere mehr finden Sie im neuen AEGIS Online Shop. Bitte klicken Sie hier! &nbsp; Nach telefonischer Voranmeldung k\u00f6nnen Sie mich gerne besuchen. Bestellungen \u00fcber den \u00a0online-shop aufgeben. Auf Wunsch k\u00f6nnen Sie Ihre bestellten B\u00fccher in der Stadtb\u00fccherei Laichingen abholen. Bitte geben Sie dies bei der [&hellip;]<\/p>\n","protected":false},"author":1,"featured_media":90,"parent":0,"menu_order":0,"comment_status":"closed","ping_status":"closed","template":"","meta":{"inline_featured_image":false},"_links":{"self":[{"href":"https:\/\/www.aegis-laichingen.de\/index.php\/wp-json\/wp\/v2\/pages\/2"}],"collection":[{"href":"https:\/\/www.aegis-laichingen.de\/index.php\/wp-json\/wp\/v2\/pages"}],"about":[{"href":"https:\/\/www.aegis-laichingen.de\/index.php\/wp-json\/wp\/v2\/types\/page"}],"author":[{"embeddable":true,"href":"https:\/\/www.aegis-laichingen.de\/index.php\/wp-json\/wp\/v2\/users\/1"}],"replies":[{"embeddable":true,"href":"https:\/\/www.aegis-laichingen.de\/index.php\/wp-json\/wp\/v2\/comments?post=2"}],"version-history":[{"count":75,"href":"https:\/\/www.aegis-laichingen.de\/index.php\/wp-json\/wp\/v2\/pages\/2\/revisions"}],"predecessor-version":[{"id":253,"href":"https:\/\/www.aegis-laichingen.de\/index.php\/wp-json\/wp\/v2\/pages\/2\/revisions\/253"}],"wp:featuredmedia":[{"embeddable":true,"href":"https:\/\/www.aegis-laichingen.de\/index.php\/wp-json\/wp\/v2\/media\/90"}],"wp:attachment":[{"href":"https:\/\/www.aegis-laichingen.de\/index.php\/wp-json\/wp\/v2\/media?parent=2"}],"curies":[{"name":"wp","href":"https:\/\/api.w.org\/{rel}","templated":true}]}}